{"id":1540,"date":"2022-02-08T10:49:54","date_gmt":"2022-02-08T09:49:54","guid":{"rendered":"https:\/\/www.salondelachasse.com\/aviso-legal\/"},"modified":"2022-11-22T16:21:36","modified_gmt":"2022-11-22T15:21:36","slug":"aviso-legal","status":"publish","type":"page","link":"https:\/\/www.salondelachasse.com\/es\/aviso-legal\/","title":{"rendered":"Aviso legal"},"content":{"rendered":"\t\t<div data-elementor-type=\"wp-page\" data-elementor-id=\"1540\" class=\"elementor elementor-1540 elementor-27\" data-elementor-post-type=\"page\">\n\t\t\t\t\t\t<section class=\"elementor-section elementor-top-section elementor-element elementor-element-4099a93 elementor-section-boxed elementor-section-height-default elementor-section-height-default\" data-id=\"4099a93\" data-element_type=\"section\" data-e-type=\"section\" data-settings=\"{&quot;background_background&quot;:&quot;classic&quot;,&quot;shape_divider_bottom&quot;:&quot;waves&quot;}\">\n\t\t\t\t\t<div class=\"elementor-shape elementor-shape-bottom\" aria-hidden=\"true\" data-negative=\"false\">\n\t\t\t<svg xmlns=\"http:\/\/www.w3.org\/2000\/svg\" viewBox=\"0 0 1000 100\" preserveAspectRatio=\"none\">\n\t<path class=\"elementor-shape-fill\" d=\"M421.9,6.5c22.6-2.5,51.5,0.4,75.5,5.3c23.6,4.9,70.9,23.5,100.5,35.7c75.8,32.2,133.7,44.5,192.6,49.7\n\tc23.6,2.1,48.7,3.5,103.4-2.5c54.7-6,106.2-25.6,106.2-25.6V0H0v30.3c0,0,72,32.6,158.4,30.5c39.2-0.7,92.8-6.7,134-22.4\n\tc21.2-8.1,52.2-18.2,79.7-24.2C399.3,7.9,411.6,7.5,421.9,6.5z\"\/>\n<\/svg>\t\t<\/div>\n\t\t\t\t\t<div class=\"elementor-container elementor-column-gap-default\">\n\t\t\t\t\t<div class=\"elementor-column elementor-col-50 elementor-top-column elementor-element elementor-element-66a3e5d\" data-id=\"66a3e5d\" data-element_type=\"column\" data-e-type=\"column\">\n\t\t\t<div class=\"elementor-widget-wrap\">\n\t\t\t\t\t\t\t<\/div>\n\t\t<\/div>\n\t\t\t\t<div class=\"elementor-column elementor-col-50 elementor-top-column elementor-element elementor-element-2a21961\" data-id=\"2a21961\" data-element_type=\"column\" data-e-type=\"column\" data-settings=\"{&quot;background_background&quot;:&quot;classic&quot;}\">\n\t\t\t<div class=\"elementor-widget-wrap elementor-element-populated\">\n\t\t\t\t\t\t<div class=\"elementor-element elementor-element-6945824 elementor-widget elementor-widget-heading\" data-id=\"6945824\" data-element_type=\"widget\" data-e-type=\"widget\" data-widget_type=\"heading.default\">\n\t\t\t\t<div class=\"elementor-widget-container\">\n\t\t\t\t\t<h1 class=\"elementor-heading-title elementor-size-default\">Aviso legal<\/h1>\t\t\t\t<\/div>\n\t\t\t\t<\/div>\n\t\t\t\t\t<\/div>\n\t\t<\/div>\n\t\t\t\t\t<\/div>\n\t\t<\/section>\n\t\t\t\t<section class=\"elementor-section elementor-top-section elementor-element elementor-element-b60fa8a elementor-section-boxed elementor-section-height-default elementor-section-height-default\" data-id=\"b60fa8a\" data-element_type=\"section\" data-e-type=\"section\">\n\t\t\t\t\t\t<div class=\"elementor-container elementor-column-gap-default\">\n\t\t\t\t\t<div class=\"elementor-column elementor-col-100 elementor-top-column elementor-element elementor-element-4bbfdbdb\" data-id=\"4bbfdbdb\" data-element_type=\"column\" data-e-type=\"column\">\n\t\t\t<div class=\"elementor-widget-wrap elementor-element-populated\">\n\t\t\t\t\t\t<div class=\"elementor-element elementor-element-795b8aed elementor-widget elementor-widget-text-editor\" data-id=\"795b8aed\" data-element_type=\"widget\" data-e-type=\"widget\" data-widget_type=\"text-editor.default\">\n\t\t\t\t<div class=\"elementor-widget-container\">\n\t\t\t\t\t\t\t\t\t\n<h2 id=\"site-hebarge-par\">Sitio alojado por PlanetHoster<\/h2>\n\n<p>Nombre del alojamiento : PlanetHoster<br>Oficina central: 4416 Rue Louis B. Mayer, Laval, QUEBEC H7P 0G1, Canad\u00e1<br>Tel\u00e9fono. : +33 (0)1 76 60 41 43<\/p>\n\n<h2 id=\"editeur-nom-du-client\">Editor: Groupe VERSICOLOR<\/h2>\n\n<p>Sociedad de responsabilidad limitada<br>Siret : 71200057900045<br>APE : <br>Edici\u00f3n de revistas y publicaciones peri\u00f3dicas (5814Z) <br>Sede social: 120 Rue du Dr Vinaver, 78520 Limay<\/p>\n\n<h2 id=\"propriete-intellectuelle\">Propiedad intelectual :<\/h2>\n\n<p>El conjunto de este sitio est\u00e1 sujeto a la legislaci\u00f3n francesa e internacional sobre derechos de autor y propiedad intelectual. Quedan reservados todos los derechos de reproducci\u00f3n de los textos y fotograf\u00edas de este sitio. Queda formalmente prohibida la reproducci\u00f3n total o parcial de este sitio en cualquier soporte electr\u00f3nico o de otro tipo sin la autorizaci\u00f3n escrita del autor, de conformidad con el art\u00edculo L 122-4 del C\u00f3digo de la Propiedad Intelectual.<\/p>\n\n<h2 id=\"liens-hypertextes-droit-de-reponse\">Hiperv\u00ednculos y derecho de r\u00e9plica :<\/h2>\n\n<p>Los enlaces de hipertexto establecidos en el marco del presente sitio web hacia otros recursos presentes en la red Internet, y en particular hacia sus socios, han sido objeto de una autorizaci\u00f3n previa, expresa y escrita del editor. &#8211; Cualquier persona citada en el sitio puede ejercer el derecho de r\u00e9plica. Se enviar\u00e1 una simple solicitud por correo.<\/p>\n\t\t\t\t\t\t\t\t<\/div>\n\t\t\t\t<\/div>\n\t\t\t\t\t<\/div>\n\t\t<\/div>\n\t\t\t\t\t<\/div>\n\t\t<\/section>\n\t\t\t\t<\/div>\n\t\t","protected":false},"excerpt":{"rendered":"<p>Sitio alojado por PlanetHoster Nombre del alojamiento : PlanetHosterOficina central: 4416 Rue Louis B. Mayer, Laval, QUEBEC H7P 0G1, Canad\u00e1Tel\u00e9fono. : +33 (0)1 76 60 41 43 Editor: Groupe VERSICOLOR Sociedad de responsabilidad limitadaSiret : 71200057900045APE : Edici\u00f3n de revistas y publicaciones peri\u00f3dicas (5814Z) Sede social: 120 Rue du Dr Vinaver, 78520 Limay Propiedad intelectual [&hellip;]<\/p>\n","protected":false},"author":1,"featured_media":0,"parent":0,"menu_order":0,"comment_status":"closed","ping_status":"closed","template":"","meta":{"_acf_changed":false,"_seopress_robots_primary_cat":"","_seopress_titles_title":"","_seopress_titles_desc":"","_seopress_robots_index":"yes","footnotes":""},"class_list":["post-1540","page","type-page","status-publish"],"acf":[],"_links":{"self":[{"href":"https:\/\/www.salondelachasse.com\/es\/wp-json\/wp\/v2\/pages\/1540","targetHints":{"allow":["GET"]}}],"collection":[{"href":"https:\/\/www.salondelachasse.com\/es\/wp-json\/wp\/v2\/pages"}],"about":[{"href":"https:\/\/www.salondelachasse.com\/es\/wp-json\/wp\/v2\/types\/page"}],"author":[{"embeddable":true,"href":"https:\/\/www.salondelachasse.com\/es\/wp-json\/wp\/v2\/users\/1"}],"replies":[{"embeddable":true,"href":"https:\/\/www.salondelachasse.com\/es\/wp-json\/wp\/v2\/comments?post=1540"}],"version-history":[{"count":1,"href":"https:\/\/www.salondelachasse.com\/es\/wp-json\/wp\/v2\/pages\/1540\/revisions"}],"predecessor-version":[{"id":1541,"href":"https:\/\/www.salondelachasse.com\/es\/wp-json\/wp\/v2\/pages\/1540\/revisions\/1541"}],"wp:attachment":[{"href":"https:\/\/www.salondelachasse.com\/es\/wp-json\/wp\/v2\/media?parent=1540"}],"curies":[{"name":"wp","href":"https:\/\/api.w.org\/{rel}","templated":true}]}}