{"id":6838,"date":"2022-02-08T10:46:33","date_gmt":"2022-02-08T09:46:33","guid":{"rendered":"https:\/\/www.salondelachasse.com\/politica-sui-cookie\/"},"modified":"2024-01-05T10:42:20","modified_gmt":"2024-01-05T09:42:20","slug":"politica-sui-cookie","status":"publish","type":"page","link":"https:\/\/www.salondelachasse.com\/it\/politica-sui-cookie\/","title":{"rendered":"Politica sui cookie"},"content":{"rendered":"\t\t<div data-elementor-type=\"wp-page\" data-elementor-id=\"6838\" class=\"elementor elementor-6838 elementor-24\" data-elementor-post-type=\"page\">\n\t\t\t\t\t\t<section class=\"elementor-section elementor-top-section elementor-element elementor-element-a7195dd elementor-section-boxed elementor-section-height-default elementor-section-height-default\" data-id=\"a7195dd\" data-element_type=\"section\" data-e-type=\"section\" data-settings=\"{&quot;background_background&quot;:&quot;classic&quot;,&quot;shape_divider_bottom&quot;:&quot;waves&quot;}\">\n\t\t\t\t\t<div class=\"elementor-shape elementor-shape-bottom\" aria-hidden=\"true\" data-negative=\"false\">\n\t\t\t<svg xmlns=\"http:\/\/www.w3.org\/2000\/svg\" viewBox=\"0 0 1000 100\" preserveAspectRatio=\"none\">\n\t<path class=\"elementor-shape-fill\" d=\"M421.9,6.5c22.6-2.5,51.5,0.4,75.5,5.3c23.6,4.9,70.9,23.5,100.5,35.7c75.8,32.2,133.7,44.5,192.6,49.7\n\tc23.6,2.1,48.7,3.5,103.4-2.5c54.7-6,106.2-25.6,106.2-25.6V0H0v30.3c0,0,72,32.6,158.4,30.5c39.2-0.7,92.8-6.7,134-22.4\n\tc21.2-8.1,52.2-18.2,79.7-24.2C399.3,7.9,411.6,7.5,421.9,6.5z\"\/>\n<\/svg>\t\t<\/div>\n\t\t\t\t\t<div class=\"elementor-container elementor-column-gap-default\">\n\t\t\t\t\t<div class=\"elementor-column elementor-col-50 elementor-top-column elementor-element elementor-element-0a9b799\" data-id=\"0a9b799\" data-element_type=\"column\" data-e-type=\"column\">\n\t\t\t<div class=\"elementor-widget-wrap\">\n\t\t\t\t\t\t\t<\/div>\n\t\t<\/div>\n\t\t\t\t<div class=\"elementor-column elementor-col-50 elementor-top-column elementor-element elementor-element-f526ae6\" data-id=\"f526ae6\" data-element_type=\"column\" data-e-type=\"column\" data-settings=\"{&quot;background_background&quot;:&quot;classic&quot;}\">\n\t\t\t<div class=\"elementor-widget-wrap elementor-element-populated\">\n\t\t\t\t\t\t<div class=\"elementor-element elementor-element-3bc0100 elementor-widget elementor-widget-heading\" data-id=\"3bc0100\" data-element_type=\"widget\" data-e-type=\"widget\" data-widget_type=\"heading.default\">\n\t\t\t\t<div class=\"elementor-widget-container\">\n\t\t\t\t\t<h1 class=\"elementor-heading-title elementor-size-default\">Politica sui cookie<\/h1>\t\t\t\t<\/div>\n\t\t\t\t<\/div>\n\t\t\t\t\t<\/div>\n\t\t<\/div>\n\t\t\t\t\t<\/div>\n\t\t<\/section>\n\t\t\t\t<section class=\"elementor-section elementor-top-section elementor-element elementor-element-6e973b78 elementor-section-boxed elementor-section-height-default elementor-section-height-default\" data-id=\"6e973b78\" data-element_type=\"section\" data-e-type=\"section\">\n\t\t\t\t\t\t<div class=\"elementor-container elementor-column-gap-default\">\n\t\t\t\t\t<div class=\"elementor-column elementor-col-100 elementor-top-column elementor-element elementor-element-348d6054\" data-id=\"348d6054\" data-element_type=\"column\" data-e-type=\"column\">\n\t\t\t<div class=\"elementor-widget-wrap elementor-element-populated\">\n\t\t\t\t\t\t<div class=\"elementor-element elementor-element-71fabc3e elementor-widget elementor-widget-text-editor\" data-id=\"71fabc3e\" data-element_type=\"widget\" data-e-type=\"widget\" data-widget_type=\"text-editor.default\">\n\t\t\t\t<div class=\"elementor-widget-container\">\n\t\t\t\t\t\t\t\t\t\n<p>Questo sito utilizza i cookie, piccoli file di testo che vengono inseriti nel vostro computer per aiutare il sito a fornire una migliore esperienza all&#8217;utente. In generale, i cookie vengono utilizzati per tenere traccia delle preferenze dell&#8217;utente, per memorizzare informazioni come il carrello della spesa e per fornire dati di tracciamento anonimizzati ad applicazioni di terze parti come Google Analytics. In generale, i cookie migliorano l&#8217;esperienza di navigazione dell&#8217;utente. Tuttavia, l&#8217;utente pu\u00f2 preferire disabilitare i cookie su questo e altri siti. Il modo pi\u00f9 efficace \u00e8 quello di disabilitare i cookie nel browser. Vi suggeriamo di consultare la sezione Aiuto del vostro browser o di visitare il sito web <a rel=\"noreferrer noopener\" href=\"https:\/\/www.aboutcookies.org\" target=\"_blank\">About Cookies<\/a>, che offre consigli per tutti i browser moderni.<\/p>\n\t\t\t\t\t\t\t\t<\/div>\n\t\t\t\t<\/div>\n\t\t\t\t\t<\/div>\n\t\t<\/div>\n\t\t\t\t\t<\/div>\n\t\t<\/section>\n\t\t\t\t<\/div>\n\t\t","protected":false},"excerpt":{"rendered":"<p>Questo sito utilizza i cookie, piccoli file di testo che vengono inseriti nel vostro computer per aiutare il sito a fornire una migliore esperienza all&#8217;utente. In generale, i cookie vengono utilizzati per tenere traccia delle preferenze dell&#8217;utente, per memorizzare informazioni come il carrello della spesa e per fornire dati di tracciamento anonimizzati ad applicazioni di [&hellip;]<\/p>\n","protected":false},"author":1,"featured_media":0,"parent":0,"menu_order":0,"comment_status":"closed","ping_status":"closed","template":"","meta":{"_acf_changed":false,"_seopress_robots_primary_cat":"","_seopress_titles_title":"","_seopress_titles_desc":"","_seopress_robots_index":"yes","footnotes":""},"class_list":["post-6838","page","type-page","status-publish"],"acf":[],"_links":{"self":[{"href":"https:\/\/www.salondelachasse.com\/it\/wp-json\/wp\/v2\/pages\/6838","targetHints":{"allow":["GET"]}}],"collection":[{"href":"https:\/\/www.salondelachasse.com\/it\/wp-json\/wp\/v2\/pages"}],"about":[{"href":"https:\/\/www.salondelachasse.com\/it\/wp-json\/wp\/v2\/types\/page"}],"author":[{"embeddable":true,"href":"https:\/\/www.salondelachasse.com\/it\/wp-json\/wp\/v2\/users\/1"}],"replies":[{"embeddable":true,"href":"https:\/\/www.salondelachasse.com\/it\/wp-json\/wp\/v2\/comments?post=6838"}],"version-history":[{"count":3,"href":"https:\/\/www.salondelachasse.com\/it\/wp-json\/wp\/v2\/pages\/6838\/revisions"}],"predecessor-version":[{"id":6841,"href":"https:\/\/www.salondelachasse.com\/it\/wp-json\/wp\/v2\/pages\/6838\/revisions\/6841"}],"wp:attachment":[{"href":"https:\/\/www.salondelachasse.com\/it\/wp-json\/wp\/v2\/media?parent=6838"}],"curies":[{"name":"wp","href":"https:\/\/api.w.org\/{rel}","templated":true}]}}